{"id":688,"date":"2023-04-19T10:01:47","date_gmt":"2023-04-19T10:01:47","guid":{"rendered":"https:\/\/palikes.net\/?page_id=688"},"modified":"2023-04-19T10:01:47","modified_gmt":"2023-04-19T10:01:47","slug":"aviso-legal","status":"publish","type":"page","link":"https:\/\/palikes.net\/?page_id=688","title":{"rendered":"Aviso legal"},"content":{"rendered":"<h1>Aviso Legal<\/h1>\n<p>En cumplimiento con el deber de informaci\u00f3n recogido en art\u00edculo 10 de la Ley 34\/2002, de 11 de julio, de Servicios de la Sociedad de la Informaci\u00f3n y del Comercio Electr\u00f3nico (LSSICE), el propietario de la web , le informa de lo siguiente:<\/p>\n<p>Denominaci\u00f3n social: <strong>Jorge Mart\u00ednez Rodr\u00edguez<\/strong><br \/>\nNIF: 54049559L<br \/>\nDomicilio: Carretera General de Bajamar, n\u00famero 119, 38250- Bajamar, (Santa Cruz de Tenerife)<\/p>\n<p>Con los l\u00edmites establecidos en la ley, Jorge Mart\u00ednez Rodr\u00edguez<br \/>\nno asume ninguna responsabilidad derivada de la falta de veracidad, integridad, actualizaci\u00f3n y precisi\u00f3n de los datos o informaciones que contienen sus p\u00e1ginas web.<\/p>\n<p>Los contenidos e informaci\u00f3n no vinculan a Jorge Mart\u00ednez Rodr\u00edguez ni constituyen opiniones, consejos o asesoramiento legal de ning\u00fan tipo pues se trata meramente de un servicio ofrecido con car\u00e1cter informativo y divulgativo.<\/p>\n<p>Las p\u00e1ginas de Internet de Jorge Mart\u00ednez Rodr\u00edguez pueden contener enlaces (links) a otras p\u00e1ginas de terceras partes que Jorge Mart\u00ednez Rodr\u00edguez no puede controlar. Por lo tanto, Jorge Mart\u00ednez Rodr\u00edguez no puede asumir responsabilidades por el contenido que pueda aparecer en p\u00e1ginas de terceros.<\/p>\n<p>Los textos, im\u00e1genes, sonidos, animaciones, software y el resto de contenidos incluidos en este website son propiedad exclusiva de Jorge Mart\u00ednez Rodr\u00edguez o sus licenciantes. Cualquier acto de transmisi\u00f3n, distribuci\u00f3n, cesi\u00f3n, reproducci\u00f3n, almacenamiento o comunicaci\u00f3n p\u00fablica total o parcial, deber\u00e1 contar con el consentimiento expreso de Jorge Mart\u00ednez Rodr\u00edguez.<\/p>\n<p>Asimismo, para acceder a algunos de los servicios que Jorge Mart\u00ednez Rodr\u00edguez ofrece a trav\u00e9s del sitio web, deber\u00e1 proporcionar algunos datos de car\u00e1cter personal. En cumplimiento de lo establecido en el Reglamento (UE) 2016\/679 del Parlamento Europeo y del Consejo, de 27 de abril de 2016, relativo a la protecci\u00f3n de las personas f\u00edsicas en lo que respecta al tratamiento de datos personales y a la libre circulaci\u00f3n de estos datos le informamos que, mediante la cumplimentaci\u00f3n de los presentes formularios, sus datos personales quedar\u00e1n incorporados y ser\u00e1n tratados en los ficheros de Jorge Mart\u00ednez Rodr\u00edguez con el fin de poderle prestar y ofrecer nuestros servicios as\u00ed como para informarle de las mejoras del sitio Web.<\/p>\n<p>Le informamos tambi\u00e9n de que tendr\u00e1 la posibilidad en todo momento de ejercer los derechos de acceso, rectificaci\u00f3n, cancelaci\u00f3n, oposici\u00f3n, limitaci\u00f3n y portabilidad de sus datos de car\u00e1cter personal, de manera gratuita mediante email a: info@palikes.net o en la direcci\u00f3n: Carretera General de Bajamar, n\u00famero 119, 38250- Bajamar, (Santa Cruz de Tenerife).<\/p>\n","protected":false},"excerpt":{"rendered":"<p>Aviso Legal En cumplimiento con el deber de informaci\u00f3n recogido en art\u00edculo 10 de la Ley 34\/2002, de 11 de julio, de Servicios de la Sociedad de la Informaci\u00f3n y del Comercio Electr\u00f3nico (LSSICE), el propietario de la web , le informa de lo siguiente: Denominaci\u00f3n social: Jorge Mart\u00ednez Rodr\u00edguez NIF: 54049559L Domicilio: Carretera General [&hellip;]<\/p>\n","protected":false},"author":3,"featured_media":0,"parent":0,"menu_order":0,"comment_status":"closed","ping_status":"closed","template":"","meta":{"footnotes":""},"class_list":["post-688","page","type-page","status-publish","hentry"],"yoast_head":"<!-- This site is optimized with the Yoast SEO plugin v27.3 - https:\/\/yoast.com\/product\/yoast-seo-wordpress\/ -->\n<title>Aviso legal - Palikes<\/title>\n<meta name=\"robots\" content=\"index, follow, max-snippet:-1, max-image-preview:large, max-video-preview:-1\" \/>\n<link rel=\"canonical\" href=\"https:\/\/palikes.net\/?page_id=688\" \/>\n<meta property=\"og:locale\" content=\"es_ES\" \/>\n<meta property=\"og:type\" content=\"article\" \/>\n<meta property=\"og:title\" content=\"Aviso legal - Palikes\" \/>\n<meta property=\"og:description\" content=\"Aviso Legal En cumplimiento con el deber de informaci\u00f3n recogido en art\u00edculo 10 de la Ley 34\/2002, de 11 de julio, de Servicios de la Sociedad de la Informaci\u00f3n y del Comercio Electr\u00f3nico (LSSICE), el propietario de la web , le informa de lo siguiente: Denominaci\u00f3n social: Jorge Mart\u00ednez Rodr\u00edguez NIF: 54049559L Domicilio: Carretera General [&hellip;]\" \/>\n<meta property=\"og:url\" content=\"https:\/\/palikes.net\/?page_id=688\" \/>\n<meta property=\"og:site_name\" content=\"Palikes\" \/>\n<meta name=\"twitter:card\" content=\"summary_large_image\" \/>\n<meta name=\"twitter:label1\" content=\"Tiempo de lectura\" \/>\n\t<meta name=\"twitter:data1\" content=\"2 minutos\" \/>\n<script type=\"application\/ld+json\" class=\"yoast-schema-graph\">{\"@context\":\"https:\\\/\\\/schema.org\",\"@graph\":[{\"@type\":\"WebPage\",\"@id\":\"https:\\\/\\\/palikes.net\\\/?page_id=688\",\"url\":\"https:\\\/\\\/palikes.net\\\/?page_id=688\",\"name\":\"Aviso legal - Palikes\",\"isPartOf\":{\"@id\":\"https:\\\/\\\/palikes.net\\\/#website\"},\"datePublished\":\"2023-04-19T10:01:47+00:00\",\"breadcrumb\":{\"@id\":\"https:\\\/\\\/palikes.net\\\/?page_id=688#breadcrumb\"},\"inLanguage\":\"es\",\"potentialAction\":[{\"@type\":\"ReadAction\",\"target\":[\"https:\\\/\\\/palikes.net\\\/?page_id=688\"]}]},{\"@type\":\"BreadcrumbList\",\"@id\":\"https:\\\/\\\/palikes.net\\\/?page_id=688#breadcrumb\",\"itemListElement\":[{\"@type\":\"ListItem\",\"position\":1,\"name\":\"Portada\",\"item\":\"https:\\\/\\\/palikes.net\\\/\"},{\"@type\":\"ListItem\",\"position\":2,\"name\":\"Aviso legal\"}]},{\"@type\":\"WebSite\",\"@id\":\"https:\\\/\\\/palikes.net\\\/#website\",\"url\":\"https:\\\/\\\/palikes.net\\\/\",\"name\":\"Palikes\",\"description\":\"M\u00fasica y tendencias\",\"publisher\":{\"@id\":\"https:\\\/\\\/palikes.net\\\/#organization\"},\"potentialAction\":[{\"@type\":\"SearchAction\",\"target\":{\"@type\":\"EntryPoint\",\"urlTemplate\":\"https:\\\/\\\/palikes.net\\\/?s={search_term_string}\"},\"query-input\":{\"@type\":\"PropertyValueSpecification\",\"valueRequired\":true,\"valueName\":\"search_term_string\"}}],\"inLanguage\":\"es\"},{\"@type\":\"Organization\",\"@id\":\"https:\\\/\\\/palikes.net\\\/#organization\",\"name\":\"Palikes\",\"url\":\"https:\\\/\\\/palikes.net\\\/\",\"logo\":{\"@type\":\"ImageObject\",\"inLanguage\":\"es\",\"@id\":\"https:\\\/\\\/palikes.net\\\/#\\\/schema\\\/logo\\\/image\\\/\",\"url\":\"https:\\\/\\\/palikes.net\\\/wp-content\\\/uploads\\\/2023\\\/03\\\/Recurso-35.png\",\"contentUrl\":\"https:\\\/\\\/palikes.net\\\/wp-content\\\/uploads\\\/2023\\\/03\\\/Recurso-35.png\",\"width\":2977,\"height\":677,\"caption\":\"Palikes\"},\"image\":{\"@id\":\"https:\\\/\\\/palikes.net\\\/#\\\/schema\\\/logo\\\/image\\\/\"}}]}<\/script>\n<!-- \/ Yoast SEO plugin. -->","yoast_head_json":{"title":"Aviso legal - Palikes","robots":{"index":"index","follow":"follow","max-snippet":"max-snippet:-1","max-image-preview":"max-image-preview:large","max-video-preview":"max-video-preview:-1"},"canonical":"https:\/\/palikes.net\/?page_id=688","og_locale":"es_ES","og_type":"article","og_title":"Aviso legal - Palikes","og_description":"Aviso Legal En cumplimiento con el deber de informaci\u00f3n recogido en art\u00edculo 10 de la Ley 34\/2002, de 11 de julio, de Servicios de la Sociedad de la Informaci\u00f3n y del Comercio Electr\u00f3nico (LSSICE), el propietario de la web , le informa de lo siguiente: Denominaci\u00f3n social: Jorge Mart\u00ednez Rodr\u00edguez NIF: 54049559L Domicilio: Carretera General [&hellip;]","og_url":"https:\/\/palikes.net\/?page_id=688","og_site_name":"Palikes","twitter_card":"summary_large_image","twitter_misc":{"Tiempo de lectura":"2 minutos"},"schema":{"@context":"https:\/\/schema.org","@graph":[{"@type":"WebPage","@id":"https:\/\/palikes.net\/?page_id=688","url":"https:\/\/palikes.net\/?page_id=688","name":"Aviso legal - Palikes","isPartOf":{"@id":"https:\/\/palikes.net\/#website"},"datePublished":"2023-04-19T10:01:47+00:00","breadcrumb":{"@id":"https:\/\/palikes.net\/?page_id=688#breadcrumb"},"inLanguage":"es","potentialAction":[{"@type":"ReadAction","target":["https:\/\/palikes.net\/?page_id=688"]}]},{"@type":"BreadcrumbList","@id":"https:\/\/palikes.net\/?page_id=688#breadcrumb","itemListElement":[{"@type":"ListItem","position":1,"name":"Portada","item":"https:\/\/palikes.net\/"},{"@type":"ListItem","position":2,"name":"Aviso legal"}]},{"@type":"WebSite","@id":"https:\/\/palikes.net\/#website","url":"https:\/\/palikes.net\/","name":"Palikes","description":"M\u00fasica y tendencias","publisher":{"@id":"https:\/\/palikes.net\/#organization"},"potentialAction":[{"@type":"SearchAction","target":{"@type":"EntryPoint","urlTemplate":"https:\/\/palikes.net\/?s={search_term_string}"},"query-input":{"@type":"PropertyValueSpecification","valueRequired":true,"valueName":"search_term_string"}}],"inLanguage":"es"},{"@type":"Organization","@id":"https:\/\/palikes.net\/#organization","name":"Palikes","url":"https:\/\/palikes.net\/","logo":{"@type":"ImageObject","inLanguage":"es","@id":"https:\/\/palikes.net\/#\/schema\/logo\/image\/","url":"https:\/\/palikes.net\/wp-content\/uploads\/2023\/03\/Recurso-35.png","contentUrl":"https:\/\/palikes.net\/wp-content\/uploads\/2023\/03\/Recurso-35.png","width":2977,"height":677,"caption":"Palikes"},"image":{"@id":"https:\/\/palikes.net\/#\/schema\/logo\/image\/"}}]}},"amp_enabled":true,"_links":{"self":[{"href":"https:\/\/palikes.net\/index.php?rest_route=\/wp\/v2\/pages\/688","targetHints":{"allow":["GET"]}}],"collection":[{"href":"https:\/\/palikes.net\/index.php?rest_route=\/wp\/v2\/pages"}],"about":[{"href":"https:\/\/palikes.net\/index.php?rest_route=\/wp\/v2\/types\/page"}],"author":[{"embeddable":true,"href":"https:\/\/palikes.net\/index.php?rest_route=\/wp\/v2\/users\/3"}],"replies":[{"embeddable":true,"href":"https:\/\/palikes.net\/index.php?rest_route=%2Fwp%2Fv2%2Fcomments&post=688"}],"version-history":[{"count":1,"href":"https:\/\/palikes.net\/index.php?rest_route=\/wp\/v2\/pages\/688\/revisions"}],"predecessor-version":[{"id":689,"href":"https:\/\/palikes.net\/index.php?rest_route=\/wp\/v2\/pages\/688\/revisions\/689"}],"wp:attachment":[{"href":"https:\/\/palikes.net\/index.php?rest_route=%2Fwp%2Fv2%2Fmedia&parent=688"}],"curies":[{"name":"wp","href":"https:\/\/api.w.org\/{rel}","templated":true}]}}